{"id":8,"date":"2020-09-03T22:51:29","date_gmt":"2020-09-03T22:51:29","guid":{"rendered":"https:\/\/howshouldivote2020.org\/?page_id=8"},"modified":"2024-10-29T19:39:34","modified_gmt":"2024-10-29T19:39:34","slug":"how-should-i-vote-2020","status":"publish","type":"page","link":"https:\/\/howshouldivote2024.org\/es\/","title":{"rendered":"\u00bfTrump? \u00bfO Harris?"},"content":{"rendered":"<p class=\"has-text-align-center has-large-font-size\">Datos y an\u00e1lisis imparciales y directos sobre los dos candidatos, sus posturas y su trayectoria. Elija el <a href=\"https:\/\/howshouldivote2024.org\/es\/2024\/10\/15\/the-bottom-line-harris-or-trump\/\">resumen r\u00e1pido de la cuesti\u00f3n y nuestro an\u00e1lisis final<\/a> - o <a href=\"https:\/\/howshouldivote2024.org\/es\/the-top-issues\/\" data-type=\"page\" data-id=\"707\">profundizar un poco m\u00e1s<\/a>La elecci\u00f3n es suya.<\/p>\n\n\n\n<div class=\"wp-block-cover alignfull\" style=\"min-height:350px;aspect-ratio:unset;\"><span aria-hidden=\"true\" class=\"wp-block-cover__background has-background-dim-0 has-background-dim\"><\/span><img loading=\"lazy\" decoding=\"async\" width=\"1024\" height=\"361\" class=\"wp-block-cover__image-background wp-image-628\" alt=\"\" src=\"https:\/\/howshouldivote2024.org\/wp-content\/uploads\/2024\/10\/Vote_stickers_BG-1024x361.png\" data-object-fit=\"cover\" srcset=\"https:\/\/howshouldivote2024.org\/wp-content\/uploads\/2024\/10\/Vote_stickers_BG-1024x361.png 1024w, https:\/\/howshouldivote2024.org\/wp-content\/uploads\/2024\/10\/Vote_stickers_BG-300x106.png 300w, https:\/\/howshouldivote2024.org\/wp-content\/uploads\/2024\/10\/Vote_stickers_BG-768x271.png 768w, https:\/\/howshouldivote2024.org\/wp-content\/uploads\/2024\/10\/Vote_stickers_BG-1536x542.png 1536w, https:\/\/howshouldivote2024.org\/wp-content\/uploads\/2024\/10\/Vote_stickers_BG-1200x424.png 1200w, https:\/\/howshouldivote2024.org\/wp-content\/uploads\/2024\/10\/Vote_stickers_BG-1980x699.png 1980w, https:\/\/howshouldivote2024.org\/wp-content\/uploads\/2024\/10\/Vote_stickers_BG.png 2000w\" sizes=\"(max-width: 1024px) 100vw, 1024px\" \/><div class=\"wp-block-cover__inner-container is-layout-flow wp-block-cover-is-layout-flow\">\n<h2 class=\"wp-block-heading alignwide has-text-align-center has-text-color has-link-color wp-elements-3f4321067310305ba210920f8fdecd76\" id=\"h-undecided-or-conflicted-about-your-vote-tired-of-the-constant-clamor-and-looking-for-information-you-can-trust-here-it-is-organized-around-the-issues-you-care-most-about\" style=\"color:#ffffff\">\u00bfEst\u00e1 indeciso o tiene dudas sobre su voto? \u00bfEst\u00e1 cansado del clamor constante y busca informaci\u00f3n fiable? Aqu\u00ed la tiene, organizada en torno a <a href=\"https:\/\/howshouldivote2024.org\/es\/the-top-issues\/\" data-type=\"page\" data-id=\"707\">los problemas<\/a> que m\u00e1s te importan.<\/h2>\n<\/div><\/div>\n\n\n\n<p>Para los votantes de los estados indecisos, en particular, las ondas de radio, los buzones de correo, los tel\u00e9fonos inteligentes y las direcciones de correo electr\u00f3nico est\u00e1n sometidos al asalto diario tanto de las campa\u00f1as presidenciales como de los aspirantes a cargos locales. El estruendo puede ser ensordecedor... hasta el punto de hacer que muchos miles de votantes quieran simplemente desconectarse de todo.<\/p>\n\n\n\n<p>Y sin embargo: tienes voto y sabes que quieres utilizarlo. \u00bfHay alg\u00fan lugar al que puedas acudir en el que ciudadanos de a pie se hayan encargado de desglosar las cuestiones, presentar los hechos y permitirte tomar tu propia decisi\u00f3n?<\/p>\n\n\n\n<p>S\u00ed, lo hay. Lo hay. <em>aqu\u00ed mismo.<\/em><\/p>\n\n\n\n<div class=\"wp-block-columns alignwide is-layout-flex wp-container-core-columns-is-layout-1 wp-block-columns-is-layout-flex\">\n<div class=\"wp-block-column is-layout-flow wp-block-column-is-layout-flow\"><div class=\"wp-block-image\">\n<figure class=\"aligncenter size-full\"><a href=\"https:\/\/howshouldivote2024.org\/es\/the-top-issues\/\"><img loading=\"lazy\" decoding=\"async\" width=\"162\" height=\"162\" src=\"https:\/\/howshouldivote2024.org\/wp-content\/uploads\/2020\/09\/icon_flag_1.png\" alt=\"Domestic Issues\" class=\"wp-image-386\" srcset=\"https:\/\/howshouldivote2024.org\/wp-content\/uploads\/2020\/09\/icon_flag_1.png 162w, https:\/\/howshouldivote2024.org\/wp-content\/uploads\/2020\/09\/icon_flag_1-150x150.png 150w\" sizes=\"(max-width: 162px) 100vw, 162px\" \/><\/a><\/figure><\/div>\n\n\n<h4 class=\"wp-block-heading has-text-align-center has-accent-color has-text-color has-link-color wp-elements-8b7f36d0f3fe0ea2448bf006a746f164\" id=\"h-the-top-issues\"><a href=\"https:\/\/howshouldivote2024.org\/es\/the-top-issues\/\" data-type=\"page\" data-id=\"707\">Los principales problemas<\/a><\/h4>\n\n\n\n<p class=\"has-text-align-center\">Inflaci\u00f3n, empleo y costes de la vivienda. Inmigraci\u00f3n. Gaza y Ucrania. Huracanes, incendios forestales y cambio clim\u00e1tico. Armas. Elecciones libres y justas. Sanidad. El Tribunal Supremo. Las elecciones de noviembre marcar\u00e1n el rumbo de Estados Unidos durante los pr\u00f3ximos cuatro a\u00f1os y durante muchos a\u00f1os m\u00e1s. \u00bfCu\u00e1les son los hechos que pueden ayudarle a elegir?<\/p>\n\n\n\n<div class=\"wp-block-buttons is-content-justification-center is-layout-flex wp-container-core-buttons-is-layout-1 wp-block-buttons-is-layout-flex\">\n<div class=\"wp-block-button\"><a class=\"wp-block-button__link has-accent-background-color has-background has-text-align-center wp-element-button\" href=\"https:\/\/howshouldivote2024.org\/es\/the-top-issues\/\" style=\"border-radius:11px\">leer m\u00e1s<\/a><\/div>\n<\/div>\n<\/div>\n\n\n\n<div class=\"wp-block-column is-layout-flow wp-block-column-is-layout-flow\"><div class=\"wp-block-image\">\n<figure class=\"aligncenter size-full\"><img loading=\"lazy\" decoding=\"async\" width=\"162\" height=\"160\" src=\"https:\/\/howshouldivote2024.org\/wp-content\/uploads\/2024\/10\/Icon_Summary_Analysis-1.png\" alt=\"\" class=\"wp-image-851\"\/><\/figure><\/div>\n\n\n<h4 class=\"wp-block-heading has-text-align-center has-accent-color has-text-color has-link-color wp-elements-a45421f1bd41eb36b4096ced39cb93ea\"><a href=\"https:\/\/howshouldivote2024.org\/es\/2024\/10\/15\/the-bottom-line-harris-or-trump\/\">Resumen de problemas y an\u00e1lisis global<\/a><\/h4>\n\n\n\n<p class=\"has-text-align-center\">Su tiempo es limitado y quiere hablar claro y buenos consejos: \u00bfqui\u00e9n le va a aportar m\u00e1s valor en los temas que m\u00e1s le importan?<\/p>\n\n\n\n<div class=\"wp-block-buttons is-content-justification-center is-layout-flex wp-container-core-buttons-is-layout-2 wp-block-buttons-is-layout-flex\">\n<div class=\"wp-block-button\"><a class=\"wp-block-button__link has-accent-background-color has-background wp-element-button\" href=\"https:\/\/howshouldivote2024.org\/es\/2024\/10\/15\/the-bottom-line-harris-or-trump\/\" style=\"border-radius:11px\">leer m\u00e1s<\/a><\/div>\n<\/div>\n<\/div>\n\n\n\n<div class=\"wp-block-column is-layout-flow wp-block-column-is-layout-flow\"><div class=\"wp-block-image\">\n<figure class=\"aligncenter size-full\"><a href=\"https:\/\/howshouldivote2024.org\/es\/2024\/10\/29\/at-a-glance-scorecard\/\"><img loading=\"lazy\" decoding=\"async\" width=\"163\" height=\"159\" src=\"https:\/\/howshouldivote2024.org\/wp-content\/uploads\/2024\/10\/Icon_Scorecard_1.png\" alt=\"Scorecard\" class=\"wp-image-625\"\/><\/a><\/figure><\/div>\n\n\n<h4 class=\"wp-block-heading has-text-align-center has-accent-color has-text-color has-link-color wp-elements-f7cbcfb8288e43549f29e9f8720891a7\" id=\"h-at-a-glance-scorecard\">Su <a href=\"https:\/\/howshouldivote2024.org\/es\/2024\/10\/29\/at-a-glance-scorecard\/\">Cuadro de mando<\/a><\/h4>\n\n\n\n<p class=\"has-text-align-center\">Su tiempo es\u00a0<em>realmente\u00a0<\/em>limitados, y usted s\u00f3lo quiere rellenar su propio cuadro de mando r\u00e1pido para hacer su elecci\u00f3n.<\/p>\n\n\n\n<div class=\"wp-block-buttons is-content-justification-center is-layout-flex wp-container-core-buttons-is-layout-3 wp-block-buttons-is-layout-flex\">\n<div class=\"wp-block-button\"><a class=\"wp-block-button__link has-accent-background-color has-background wp-element-button\" href=\"https:\/\/howshouldivote2024.org\/es\/2024\/10\/29\/at-a-glance-scorecard\/\" style=\"border-radius:11px\">leer m\u00e1s<\/a><\/div>\n<\/div>\n<\/div>\n<\/div>\n\n\n\n<div class=\"wp-block-columns alignwide has-background is-layout-flex wp-container-core-columns-is-layout-2 wp-block-columns-is-layout-flex\" style=\"background-color:#e3e3da\">\n<div class=\"wp-block-column is-layout-flow wp-block-column-is-layout-flow\" style=\"flex-basis:20%\">\n<figure class=\"wp-block-image size-full\"><img loading=\"lazy\" decoding=\"async\" width=\"162\" height=\"162\" src=\"https:\/\/howshouldivote2024.org\/wp-content\/uploads\/2020\/09\/icon_vote.png\" alt=\"How and Where to Vote\" class=\"wp-image-382\" srcset=\"https:\/\/howshouldivote2024.org\/wp-content\/uploads\/2020\/09\/icon_vote.png 162w, https:\/\/howshouldivote2024.org\/wp-content\/uploads\/2020\/09\/icon_vote-150x150.png 150w\" sizes=\"(max-width: 162px) 100vw, 162px\" \/><\/figure>\n<\/div>\n\n\n\n<div class=\"wp-block-column is-vertically-aligned-top is-layout-flow wp-block-column-is-layout-flow\" style=\"flex-basis:20%\">\n<h4 class=\"wp-block-heading has-text-align-left\"><a href=\"https:\/\/howshouldivote2024.org\/es\/2020\/09\/28\/how-and-where-can-i-vote\/\">C\u00f3mo y d\u00f3nde votar<\/a><\/h4>\n<\/div>\n\n\n\n<div class=\"wp-block-column is-vertically-aligned-top is-layout-flow wp-block-column-is-layout-flow\" style=\"flex-basis:100%\">\n<p>El sencillo proceso de inscribirse para votar, encontrar el lugar de votaci\u00f3n y llegar all\u00ed para depositar su voto (o votar por adelantado) no deber\u00eda ser un obst\u00e1culo para hacer o\u00edr su voz. Haz un plan sencillo para asegurarte de que vas a votar.<\/p>\n\n\n\n<div class=\"wp-block-buttons is-content-justification-left is-layout-flex wp-container-core-buttons-is-layout-4 wp-block-buttons-is-layout-flex\">\n<div class=\"wp-block-button\"><a class=\"wp-block-button__link has-accent-background-color has-background has-text-align-center wp-element-button\" href=\"https:\/\/howshouldivote2024.org\/es\/2020\/09\/28\/how-and-where-can-i-vote\/\" style=\"border-radius:11px\">leer m\u00e1s<\/a><\/div>\n<\/div>\n<\/div>\n<\/div>\n\n\n\n<div style=\"height:30px\" aria-hidden=\"true\" class=\"wp-block-spacer\"><\/div>\n\n\n\n<hr class=\"wp-block-separator has-alpha-channel-opacity\"\/>\n\n\n\n<h2 class=\"wp-block-heading\">Los principales problemas<\/h2>\n\n\n\n<div class=\"wp-block-query is-layout-flow wp-block-query-is-layout-flow\"><ul class=\"wp-block-post-template is-layout-flow wp-block-post-template-is-layout-flow\"><li class=\"wp-block-post post-920 post type-post status-publish format-standard hentry category-domestic-issues\">\n<h2 style=\"font-size:30px;font-style:normal;font-weight:700;\" class=\"has-text-align-left wp-block-post-title\"><a href=\"https:\/\/howshouldivote2024.org\/es\/2024\/11\/04\/your-at-a-glance-scorecard\/\" target=\"_self\" >Su cuadro de mando de un vistazo<\/a><\/h2>\n\n<div style=\"font-size:20px;\" class=\"wp-block-post-excerpt\"><p class=\"wp-block-post-excerpt__excerpt\">\u00bfQu\u00e9 candidato le ayudar\u00e1 m\u00e1s? Esto es lo que defienden Harris y Trump, en los temas m\u00e1s visitados en esta...<\/p><p class=\"wp-block-post-excerpt__more-text\"><a class=\"wp-block-post-excerpt__more-link\" href=\"https:\/\/howshouldivote2024.org\/es\/2024\/11\/04\/your-at-a-glance-scorecard\/\">Seguir leyendo<\/a><\/p><\/div>\n\n\n<hr class=\"wp-block-separator has-css-opacity is-style-default\"\/>\n\n<\/li><li class=\"wp-block-post post-726 post type-post status-publish format-standard hentry category-domestic-issues\">\n<h2 style=\"font-size:30px;font-style:normal;font-weight:700;\" class=\"has-text-align-left wp-block-post-title\"><a href=\"https:\/\/howshouldivote2024.org\/es\/2024\/10\/15\/the-bottom-line-harris-or-trump\/\" target=\"_self\" >Resumen y an\u00e1lisis de la situaci\u00f3n<\/a><\/h2>\n\n<div style=\"font-size:20px;\" class=\"wp-block-post-excerpt\"><p class=\"wp-block-post-excerpt__excerpt\">Est\u00e1s aqu\u00ed porque no sabes qu\u00e9 votar. Probablemente se pregunte: \u00bfQu\u00e9 candidato me va a aportar m\u00e1s a m\u00ed, a mi...<\/p><p class=\"wp-block-post-excerpt__more-text\"><a class=\"wp-block-post-excerpt__more-link\" href=\"https:\/\/howshouldivote2024.org\/es\/2024\/10\/15\/the-bottom-line-harris-or-trump\/\">Seguir leyendo<\/a><\/p><\/div>\n\n\n<hr class=\"wp-block-separator has-css-opacity is-style-default\"\/>\n\n<\/li><li class=\"wp-block-post post-634 post type-post status-publish format-standard hentry category-domestic-issues\">\n<h2 style=\"font-size:30px;font-style:normal;font-weight:700;\" class=\"has-text-align-left wp-block-post-title\"><a href=\"https:\/\/howshouldivote2024.org\/es\/2024\/10\/12\/inflation-and-housing\/\" target=\"_self\" >Inflaci\u00f3n y coste de la vivienda<\/a><\/h2>\n\n<div style=\"font-size:20px;\" class=\"wp-block-post-excerpt\"><p class=\"wp-block-post-excerpt__excerpt\">Tras a\u00f1os de crisis econ\u00f3mica mundial provocada por la pandemia, la econom\u00eda estadounidense bajo el mandato de Biden y Harris ha repuntado mejor...<\/p><p class=\"wp-block-post-excerpt__more-text\"><a class=\"wp-block-post-excerpt__more-link\" href=\"https:\/\/howshouldivote2024.org\/es\/2024\/10\/12\/inflation-and-housing\/\">Seguir leyendo<\/a><\/p><\/div>\n\n\n<hr class=\"wp-block-separator has-css-opacity is-style-default\"\/>\n\n<\/li><li class=\"wp-block-post post-692 post type-post status-publish format-standard hentry category-domestic-issues\">\n<h2 style=\"font-size:30px;font-style:normal;font-weight:700;\" class=\"has-text-align-left wp-block-post-title\"><a href=\"https:\/\/howshouldivote2024.org\/es\/2024\/10\/12\/immigration-2\/\" target=\"_self\" >Inmigraci\u00f3n<\/a><\/h2>\n\n<div style=\"font-size:20px;\" class=\"wp-block-post-excerpt\"><p class=\"wp-block-post-excerpt__excerpt\">La relaci\u00f3n de amor-odio de Estados Unidos con los inmigrantes es tan antigua como nuestra naci\u00f3n. \"Dadme vuestros cansados, vuestros pobres\" es un valor nacional,...<\/p><p class=\"wp-block-post-excerpt__more-text\"><a class=\"wp-block-post-excerpt__more-link\" href=\"https:\/\/howshouldivote2024.org\/es\/2024\/10\/12\/immigration-2\/\">Seguir leyendo<\/a><\/p><\/div>\n\n\n<hr class=\"wp-block-separator has-css-opacity is-style-default\"\/>\n\n<\/li><li class=\"wp-block-post post-724 post type-post status-publish format-standard hentry category-domestic-issues\">\n<h2 style=\"font-size:30px;font-style:normal;font-weight:700;\" class=\"has-text-align-left wp-block-post-title\"><a href=\"https:\/\/howshouldivote2024.org\/es\/2024\/10\/12\/free-and-fair-elections\/\" target=\"_self\" >Elecciones libres y justas<\/a><\/h2>\n\n<div style=\"font-size:20px;\" class=\"wp-block-post-excerpt\"><p class=\"wp-block-post-excerpt__excerpt\">El derecho de los ciudadanos a votar mediante elecciones libres y justas es la pieza central de la democracia representativa y est\u00e1 consagrado...<\/p><p class=\"wp-block-post-excerpt__more-text\"><a class=\"wp-block-post-excerpt__more-link\" href=\"https:\/\/howshouldivote2024.org\/es\/2024\/10\/12\/free-and-fair-elections\/\">Seguir leyendo<\/a><\/p><\/div>\n\n\n<hr class=\"wp-block-separator has-css-opacity is-style-default\"\/>\n\n<\/li><li class=\"wp-block-post post-713 post type-post status-publish format-standard hentry category-domestic-issues\">\n<h2 style=\"font-size:30px;font-style:normal;font-weight:700;\" class=\"has-text-align-left wp-block-post-title\"><a href=\"https:\/\/howshouldivote2024.org\/es\/2024\/10\/12\/gaza-and-ukraine\/\" target=\"_self\" >Gaza y Ucrania<\/a><\/h2>\n\n<div style=\"font-size:20px;\" class=\"wp-block-post-excerpt\"><p class=\"wp-block-post-excerpt__excerpt\">Dos guerras resultantes de ataques hostiles revelan las diferencias en la forma en que ambos candidatos a la Presidencia ven el papel de Estados Unidos en el mundo. En...<\/p><p class=\"wp-block-post-excerpt__more-text\"><a class=\"wp-block-post-excerpt__more-link\" href=\"https:\/\/howshouldivote2024.org\/es\/2024\/10\/12\/gaza-and-ukraine\/\">Seguir leyendo<\/a><\/p><\/div>\n\n\n<hr class=\"wp-block-separator has-css-opacity is-style-default\"\/>\n\n<\/li><li class=\"wp-block-post post-687 post type-post status-publish format-standard hentry category-domestic-issues\">\n<h2 style=\"font-size:30px;font-style:normal;font-weight:700;\" class=\"has-text-align-left wp-block-post-title\"><a href=\"https:\/\/howshouldivote2024.org\/es\/2024\/10\/12\/reproductive-healthcare\/\" target=\"_self\" >Salud reproductiva<\/a><\/h2>\n\n<div style=\"font-size:20px;\" class=\"wp-block-post-excerpt\"><p class=\"wp-block-post-excerpt__excerpt\">Si votas principalmente por tu convicci\u00f3n de que la vida comienza en la concepci\u00f3n y el aborto debe ser ilegalizado, Trump es tu hombre....<\/p><p class=\"wp-block-post-excerpt__more-text\"><a class=\"wp-block-post-excerpt__more-link\" href=\"https:\/\/howshouldivote2024.org\/es\/2024\/10\/12\/reproductive-healthcare\/\">Seguir leyendo<\/a><\/p><\/div>\n\n\n<hr class=\"wp-block-separator has-css-opacity is-style-default\"\/>\n\n<\/li><li class=\"wp-block-post post-679 post type-post status-publish format-standard hentry category-domestic-issues\">\n<h2 style=\"font-size:30px;font-style:normal;font-weight:700;\" class=\"has-text-align-left wp-block-post-title\"><a href=\"https:\/\/howshouldivote2024.org\/es\/2024\/10\/12\/climate-change-2\/\" target=\"_self\" >Cambio clim\u00e1tico<\/a><\/h2>\n\n<div style=\"font-size:20px;\" class=\"wp-block-post-excerpt\"><p class=\"wp-block-post-excerpt__excerpt\">Como si hiciera falta recordarlo, los huracanes que han azotado Florida, Carolina del Norte y otros estados del sur...<\/p><p class=\"wp-block-post-excerpt__more-text\"><a class=\"wp-block-post-excerpt__more-link\" href=\"https:\/\/howshouldivote2024.org\/es\/2024\/10\/12\/climate-change-2\/\">Seguir leyendo<\/a><\/p><\/div>\n\n\n<hr class=\"wp-block-separator has-css-opacity is-style-default\"\/>\n\n<\/li><li class=\"wp-block-post post-736 post type-post status-publish format-standard hentry category-uncategorized\">\n<h2 style=\"font-size:30px;font-style:normal;font-weight:700;\" class=\"has-text-align-left wp-block-post-title\"><a href=\"https:\/\/howshouldivote2024.org\/es\/2024\/10\/12\/gun-safety\/\" target=\"_self\" >Seguridad de las armas<\/a><\/h2>\n\n<div style=\"font-size:20px;\" class=\"wp-block-post-excerpt\"><p class=\"wp-block-post-excerpt__excerpt\">Cada d\u00eda, 321 personas en Estados Unidos son v\u00edctimas de la violencia armada, los tiroteos accidentales y el suicidio; 111 de ellas mueren. Las armas de fuego...<\/p><p class=\"wp-block-post-excerpt__more-text\"><a class=\"wp-block-post-excerpt__more-link\" href=\"https:\/\/howshouldivote2024.org\/es\/2024\/10\/12\/gun-safety\/\">Seguir leyendo<\/a><\/p><\/div>\n\n\n<hr class=\"wp-block-separator has-css-opacity is-style-default\"\/>\n\n<\/li><li class=\"wp-block-post post-684 post type-post status-publish format-standard hentry category-domestic-issues\">\n<h2 style=\"font-size:30px;font-style:normal;font-weight:700;\" class=\"has-text-align-left wp-block-post-title\"><a href=\"https:\/\/howshouldivote2024.org\/es\/2024\/10\/12\/access-to-health-care\/\" target=\"_self\" >Acceso a la atenci\u00f3n sanitaria<\/a><\/h2>\n\n<div style=\"font-size:20px;\" class=\"wp-block-post-excerpt\"><p class=\"wp-block-post-excerpt__excerpt\">La asistencia sanitaria en Estados Unidos cuesta mucho m\u00e1s y genera peores resultados para los estadounidenses que en casi todos los dem\u00e1s pa\u00edses desarrollados. Esto es...<\/p><p class=\"wp-block-post-excerpt__more-text\"><a class=\"wp-block-post-excerpt__more-link\" href=\"https:\/\/howshouldivote2024.org\/es\/2024\/10\/12\/access-to-health-care\/\">Seguir leyendo<\/a><\/p><\/div>\n\n\n<hr class=\"wp-block-separator has-css-opacity is-style-default\"\/>\n\n<\/li><li class=\"wp-block-post post-739 post type-post status-publish format-standard hentry category-uncategorized\">\n<h2 style=\"font-size:30px;font-style:normal;font-weight:700;\" class=\"has-text-align-left wp-block-post-title\"><a href=\"https:\/\/howshouldivote2024.org\/es\/2024\/10\/12\/reducing-the-income-wealth-gap\/\" target=\"_self\" >Reducir las diferencias de renta y riqueza<\/a><\/h2>\n\n<div style=\"font-size:20px;\" class=\"wp-block-post-excerpt\"><p class=\"wp-block-post-excerpt__excerpt\">Las diferencias de renta y riqueza en Estados Unidos no han dejado de aumentar desde la elecci\u00f3n de Ronald Reagan en 1980.....<\/p><p class=\"wp-block-post-excerpt__more-text\"><a class=\"wp-block-post-excerpt__more-link\" href=\"https:\/\/howshouldivote2024.org\/es\/2024\/10\/12\/reducing-the-income-wealth-gap\/\">Seguir leyendo<\/a><\/p><\/div>\n\n\n<hr class=\"wp-block-separator has-css-opacity is-style-default\"\/>\n\n<\/li><li class=\"wp-block-post post-689 post type-post status-publish format-standard hentry category-domestic-issues\">\n<h2 style=\"font-size:30px;font-style:normal;font-weight:700;\" class=\"has-text-align-left wp-block-post-title\"><a href=\"https:\/\/howshouldivote2024.org\/es\/2024\/10\/12\/education-2\/\" target=\"_self\" >Educaci\u00f3n<\/a><\/h2>\n\n<div style=\"font-size:20px;\" class=\"wp-block-post-excerpt\"><p class=\"wp-block-post-excerpt__excerpt\">Hay una gran divisi\u00f3n entre las opiniones de Harris y Trump sobre la educaci\u00f3n p\u00fablica. Un voto por Trump es esencialmente un voto...<\/p><p class=\"wp-block-post-excerpt__more-text\"><a class=\"wp-block-post-excerpt__more-link\" href=\"https:\/\/howshouldivote2024.org\/es\/2024\/10\/12\/education-2\/\">Seguir leyendo<\/a><\/p><\/div>\n\n\n<hr class=\"wp-block-separator has-css-opacity is-style-default\"\/>\n\n<\/li><li class=\"wp-block-post post-744 post type-post status-publish format-standard hentry category-uncategorized\">\n<h2 style=\"font-size:30px;font-style:normal;font-weight:700;\" class=\"has-text-align-left wp-block-post-title\"><a href=\"https:\/\/howshouldivote2024.org\/es\/2024\/10\/12\/freedom-to-marry-lgbtq-rights\/\" target=\"_self\" >Libertad para contraer matrimonio\/Derechos de las personas LGBTQ<\/a><\/h2>\n\n<div style=\"font-size:20px;\" class=\"wp-block-post-excerpt\"><p class=\"wp-block-post-excerpt__excerpt\">He aqu\u00ed una cuesti\u00f3n que demuestra hasta qu\u00e9 punto una sociedad puede cambiar de opini\u00f3n sobre algo. Una encuesta de Gallup en...<\/p><p class=\"wp-block-post-excerpt__more-text\"><a class=\"wp-block-post-excerpt__more-link\" href=\"https:\/\/howshouldivote2024.org\/es\/2024\/10\/12\/freedom-to-marry-lgbtq-rights\/\">Seguir leyendo<\/a><\/p><\/div>\n\n\n<hr class=\"wp-block-separator has-css-opacity is-style-default\"\/>\n\n<\/li><li class=\"wp-block-post post-742 post type-post status-publish format-standard hentry category-domestic-issues\">\n<h2 style=\"font-size:30px;font-style:normal;font-weight:700;\" class=\"has-text-align-left wp-block-post-title\"><a href=\"https:\/\/howshouldivote2024.org\/es\/2024\/10\/12\/civil-rights-race-relations\/\" target=\"_self\" >Derechos civiles y relaciones raciales<\/a><\/h2>\n\n<div style=\"font-size:20px;\" class=\"wp-block-post-excerpt\"><p class=\"wp-block-post-excerpt__excerpt\">Sus dos historias personales no podr\u00edan ser m\u00e1s diferentes entre s\u00ed. \u00bfImportan estas historias personales? S\u00ed y no: pueden...<\/p><p class=\"wp-block-post-excerpt__more-text\"><a class=\"wp-block-post-excerpt__more-link\" href=\"https:\/\/howshouldivote2024.org\/es\/2024\/10\/12\/civil-rights-race-relations\/\">Seguir leyendo<\/a><\/p><\/div>\n\n\n<hr class=\"wp-block-separator has-css-opacity is-style-default\"\/>\n\n<\/li><li class=\"wp-block-post post-819 post type-post status-publish format-standard hentry category-domestic-issues\">\n<h2 style=\"font-size:30px;font-style:normal;font-weight:700;\" class=\"has-text-align-left wp-block-post-title\"><a href=\"https:\/\/howshouldivote2024.org\/es\/2024\/10\/11\/character-fitness-integrity\/\" target=\"_self\" >Car\u00e1cter, aptitud e integridad<\/a><\/h2>\n\n<div style=\"font-size:20px;\" class=\"wp-block-post-excerpt\"><p class=\"wp-block-post-excerpt__excerpt\">Para muchos votantes, el car\u00e1cter de los candidatos a la Presidencia de Estados Unidos es tan importante como su posici\u00f3n y su historial en...<\/p><p class=\"wp-block-post-excerpt__more-text\"><a class=\"wp-block-post-excerpt__more-link\" href=\"https:\/\/howshouldivote2024.org\/es\/2024\/10\/11\/character-fitness-integrity\/\">Seguir leyendo<\/a><\/p><\/div>\n\n\n<hr class=\"wp-block-separator has-css-opacity is-style-default\"\/>\n\n<\/li><\/ul><\/div>","protected":false},"excerpt":{"rendered":"<p>Datos y an\u00e1lisis imparciales y directos sobre los dos candidatos, sus posturas y su historial. Elija el resumen r\u00e1pido de temas y nuestro an\u00e1lisis de fondo, o profundice un poco m\u00e1s, usted elige. Para los votantes de los estados indecisos, en particular, sus ondas de radio, buzones, tel\u00e9fonos inteligentes y direcciones de correo electr\u00f3nico est\u00e1n bajo el asalto diario de ambas campa\u00f1as presidenciales [...].<\/p>","protected":false},"author":1,"featured_media":0,"parent":0,"menu_order":0,"comment_status":"closed","ping_status":"closed","template":"","meta":{"footnotes":""},"class_list":["post-8","page","type-page","status-publish","hentry"],"_links":{"self":[{"href":"https:\/\/howshouldivote2024.org\/es\/wp-json\/wp\/v2\/pages\/8"}],"collection":[{"href":"https:\/\/howshouldivote2024.org\/es\/wp-json\/wp\/v2\/pages"}],"about":[{"href":"https:\/\/howshouldivote2024.org\/es\/wp-json\/wp\/v2\/types\/page"}],"author":[{"embeddable":true,"href":"https:\/\/howshouldivote2024.org\/es\/wp-json\/wp\/v2\/users\/1"}],"replies":[{"embeddable":true,"href":"https:\/\/howshouldivote2024.org\/es\/wp-json\/wp\/v2\/comments?post=8"}],"version-history":[{"count":104,"href":"https:\/\/howshouldivote2024.org\/es\/wp-json\/wp\/v2\/pages\/8\/revisions"}],"predecessor-version":[{"id":869,"href":"https:\/\/howshouldivote2024.org\/es\/wp-json\/wp\/v2\/pages\/8\/revisions\/869"}],"wp:attachment":[{"href":"https:\/\/howshouldivote2024.org\/es\/wp-json\/wp\/v2\/media?parent=8"}],"curies":[{"name":"wp","href":"https:\/\/api.w.org\/{rel}","templated":true}]}}