{"id":9,"date":"2020-09-03T22:51:30","date_gmt":"2020-09-03T22:51:30","guid":{"rendered":"https:\/\/howshouldivote2020.org\/?page_id=9"},"modified":"2024-11-04T03:53:55","modified_gmt":"2024-11-04T03:53:55","slug":"about","status":"publish","type":"page","link":"https:\/\/howshouldivote2024.org\/es\/about\/","title":{"rendered":"Acerca de"},"content":{"rendered":"<figure class=\"wp-block-embed is-type-video is-provider-vimeo wp-block-embed-vimeo wp-embed-aspect-16-9 wp-has-aspect-ratio\"><div class=\"wp-block-embed__wrapper\">\n<iframe loading=\"lazy\" title=\"IMG_4214\" src=\"https:\/\/player.vimeo.com\/video\/468729055?dnt=1&amp;app_id=122963\" width=\"580\" height=\"326\" frameborder=\"0\" allow=\"autoplay; fullscreen; picture-in-picture; clipboard-write\"><\/iframe>\n<\/div><\/figure>\n\n\n\n<p>Somos un colectivo de no partidistas, indecisos, dem\u00f3cratas, republicanos e independientes. Nuestro objetivo es ofrecerle informaci\u00f3n objetiva y verificable sobre los temas y sobre los candidatos presidenciales de los principales partidos en las elecciones de 2024, para que pueda saber cu\u00e1l es su postura sobre las cosas que le preocupan.<\/p>\n\n\n\n<p>Cada elecci\u00f3n en la que tenemos el privilegio de participar es importante. Un p\u00fablico bien informado que participa en el proceso democr\u00e1tico vital de nuestro pa\u00eds para elegir a sus l\u00edderes hace que los Estados Unidos de Am\u00e9rica sean lo que son. Y en lo que se convertir\u00e1.<\/p>\n\n\n\n<p>Si tiene comentarios, preguntas o sugerencias sobre este sitio web y la informaci\u00f3n que presenta, env\u00ede su comentario a <a href=\"mailto:HowShouldIVote2024@gmail.com\">HowShouldIVote2024@gmail.com<\/a>. Nos encantar\u00eda recibir noticias suyas. Si conoce otras iniciativas para acabar con el vitriolo y proporcionar informaci\u00f3n basada en hechos a los votantes estadounidenses, h\u00e1blenos de ellas para que podamos aprender de ellas y ayudar a promoverlas.\u00a0<\/p>\n\n\n\n<p>Gracias por su compromiso con la democracia estadounidense. Vote con orgullo, sabiendo que ha meditado bien su voto.<\/p>","protected":false},"excerpt":{"rendered":"<p>We are a collective of non-partisans, undecideds, Democrats, Republicans, and Independents. Our goal is to give you factual, verifiable information about the issues and about the major-party Presidential candidates in the 2024 election so you can learn where they stand on the things you care about. Every election that we have the privilege to take [&hellip;]<\/p>","protected":false},"author":1,"featured_media":0,"parent":0,"menu_order":0,"comment_status":"closed","ping_status":"closed","template":"","meta":{"footnotes":""},"class_list":["post-9","page","type-page","status-publish","hentry"],"_links":{"self":[{"href":"https:\/\/howshouldivote2024.org\/es\/wp-json\/wp\/v2\/pages\/9"}],"collection":[{"href":"https:\/\/howshouldivote2024.org\/es\/wp-json\/wp\/v2\/pages"}],"about":[{"href":"https:\/\/howshouldivote2024.org\/es\/wp-json\/wp\/v2\/types\/page"}],"author":[{"embeddable":true,"href":"https:\/\/howshouldivote2024.org\/es\/wp-json\/wp\/v2\/users\/1"}],"replies":[{"embeddable":true,"href":"https:\/\/howshouldivote2024.org\/es\/wp-json\/wp\/v2\/comments?post=9"}],"version-history":[{"count":18,"href":"https:\/\/howshouldivote2024.org\/es\/wp-json\/wp\/v2\/pages\/9\/revisions"}],"predecessor-version":[{"id":763,"href":"https:\/\/howshouldivote2024.org\/es\/wp-json\/wp\/v2\/pages\/9\/revisions\/763"}],"wp:attachment":[{"href":"https:\/\/howshouldivote2024.org\/es\/wp-json\/wp\/v2\/media?parent=9"}],"curies":[{"name":"wp","href":"https:\/\/api.w.org\/{rel}","templated":true}]}}